{"id":6,"date":"2024-06-19T16:53:45","date_gmt":"2024-06-19T14:53:45","guid":{"rendered":"https:\/\/pizzeriatokina.fr\/?page_id=6"},"modified":"2024-11-05T10:07:36","modified_gmt":"2024-11-05T09:07:36","slug":"le-nouveau-e-mucem-ouvre-ses-portes-2","status":"publish","type":"page","link":"https:\/\/pizzeriatokina.fr\/","title":{"rendered":"Plats et Menus \u00e0 emporter  pour les grands et les petits!"},"content":{"rendered":"\n<div class=\"wp-block-group alignwide\"><div class=\"wp-block-group__inner-container is-layout-flow wp-block-group-is-layout-flow\">\n<h2 class=\"wp-block-heading has-text-align-center\">Grands choix de plats confectionn\u00e9s avec go\u00fbt, pour le plaisir de tous !<br><br>Pizzas, crocs grill\u00e9s fa\u00e7on \u00ab\u00a0Mac&rsquo;tok\u00a0\u00bb, paninis sal\u00e9s, burgers, sp\u00e9cialit\u00e9s, portions, desserts et boissons fra\u00eeches. <\/h2>\n<\/div><\/div>\n\n\n\n<div class=\"wp-block-columns alignwide is-layout-flex wp-container-core-columns-is-layout-9d6595d7 wp-block-columns-is-layout-flex\">\n<div class=\"wp-block-column is-layout-flow wp-block-column-is-layout-flow\">\n<div class=\"wp-block-group\"><div class=\"wp-block-group__inner-container is-layout-flow wp-block-group-is-layout-flow\">\n<figure class=\"wp-block-image alignfull size-full\"><img loading=\"lazy\" decoding=\"async\" width=\"2560\" height=\"2560\" src=\"http:\/\/pizzeriatokina.fr\/wp-content\/uploads\/2024\/06\/Pizza-scaled.jpg\" alt=\"\" class=\"wp-image-62\" srcset=\"https:\/\/pizzeriatokina.fr\/wp-content\/uploads\/2024\/06\/Pizza-scaled.jpg 2560w, https:\/\/pizzeriatokina.fr\/wp-content\/uploads\/2024\/06\/Pizza-300x300.jpg 300w, https:\/\/pizzeriatokina.fr\/wp-content\/uploads\/2024\/06\/Pizza-1024x1024.jpg 1024w, https:\/\/pizzeriatokina.fr\/wp-content\/uploads\/2024\/06\/Pizza-150x150.jpg 150w, https:\/\/pizzeriatokina.fr\/wp-content\/uploads\/2024\/06\/Pizza-768x768.jpg 768w, https:\/\/pizzeriatokina.fr\/wp-content\/uploads\/2024\/06\/Pizza-1536x1536.jpg 1536w, https:\/\/pizzeriatokina.fr\/wp-content\/uploads\/2024\/06\/Pizza-2048x2048.jpg 2048w, https:\/\/pizzeriatokina.fr\/wp-content\/uploads\/2024\/06\/Pizza-1200x1200.jpg 1200w, https:\/\/pizzeriatokina.fr\/wp-content\/uploads\/2024\/06\/Pizza-1980x1980.jpg 1980w\" sizes=\"auto, (max-width: 2560px) 100vw, 2560px\" \/><\/figure>\n\n\n\n<h3 class=\"wp-block-heading has-text-align-left\">Pizzas et calzones<\/h3>\n\n\n\n<div class=\"wp-block-button is-style-outline is-style-outline--1\"><a class=\"wp-block-button__link has-text-align-center wp-element-button\" href=\"https:\/\/pizzeriatokina.fr\/index.php\/2024\/06\/18\/pizzas-calzones\/\">Voir le menu<\/a><\/div>\n<\/div><\/div>\n\n\n\n<div class=\"wp-block-group\"><div class=\"wp-block-group__inner-container is-layout-flow wp-block-group-is-layout-flow\">\n<figure class=\"wp-block-image alignfull size-full\"><img loading=\"lazy\" decoding=\"async\" width=\"1200\" height=\"1200\" src=\"http:\/\/pizzeriatokina.fr\/wp-content\/uploads\/2024\/06\/Beignets.jpg\" alt=\"\" class=\"wp-image-60\" srcset=\"https:\/\/pizzeriatokina.fr\/wp-content\/uploads\/2024\/06\/Beignets.jpg 1200w, https:\/\/pizzeriatokina.fr\/wp-content\/uploads\/2024\/06\/Beignets-300x300.jpg 300w, https:\/\/pizzeriatokina.fr\/wp-content\/uploads\/2024\/06\/Beignets-1024x1024.jpg 1024w, https:\/\/pizzeriatokina.fr\/wp-content\/uploads\/2024\/06\/Beignets-150x150.jpg 150w, https:\/\/pizzeriatokina.fr\/wp-content\/uploads\/2024\/06\/Beignets-768x768.jpg 768w\" sizes=\"auto, (max-width: 1200px) 100vw, 1200px\" \/><\/figure>\n\n\n\n<h3 class=\"wp-block-heading has-text-align-left\">Sp\u00e9cialit\u00e9s et portions<\/h3>\n\n\n\n<div class=\"wp-block-button is-style-outline is-style-outline--2\"><a class=\"wp-block-button__link wp-element-button\" href=\"https:\/\/pizzeriatokina.fr\/index.php\/2024\/06\/20\/specialites-et-portions\/\">voir le menu<\/a><\/div>\n<\/div><\/div>\n<\/div>\n\n\n\n<div class=\"wp-block-column is-layout-flow wp-block-column-is-layout-flow\">\n<div class=\"wp-block-group\"><div class=\"wp-block-group__inner-container is-layout-flow wp-block-group-is-layout-flow\">\n<figure class=\"wp-block-image alignfull size-full\"><img loading=\"lazy\" decoding=\"async\" width=\"2560\" height=\"2560\" src=\"http:\/\/pizzeriatokina.fr\/wp-content\/uploads\/2024\/06\/Burger-scaled.jpg\" alt=\"\" class=\"wp-image-61\" srcset=\"https:\/\/pizzeriatokina.fr\/wp-content\/uploads\/2024\/06\/Burger-scaled.jpg 2560w, https:\/\/pizzeriatokina.fr\/wp-content\/uploads\/2024\/06\/Burger-300x300.jpg 300w, https:\/\/pizzeriatokina.fr\/wp-content\/uploads\/2024\/06\/Burger-1024x1024.jpg 1024w, https:\/\/pizzeriatokina.fr\/wp-content\/uploads\/2024\/06\/Burger-150x150.jpg 150w, https:\/\/pizzeriatokina.fr\/wp-content\/uploads\/2024\/06\/Burger-768x768.jpg 768w, https:\/\/pizzeriatokina.fr\/wp-content\/uploads\/2024\/06\/Burger-1536x1536.jpg 1536w, https:\/\/pizzeriatokina.fr\/wp-content\/uploads\/2024\/06\/Burger-2048x2048.jpg 2048w, https:\/\/pizzeriatokina.fr\/wp-content\/uploads\/2024\/06\/Burger-1200x1200.jpg 1200w, https:\/\/pizzeriatokina.fr\/wp-content\/uploads\/2024\/06\/Burger-1980x1980.jpg 1980w\" sizes=\"auto, (max-width: 2560px) 100vw, 2560px\" \/><\/figure>\n\n\n\n<h3 class=\"wp-block-heading has-text-align-left\">Crocs grill\u00e9s, paninis et burgers<\/h3>\n\n\n\n<div class=\"wp-block-button is-style-outline is-style-outline--3\"><a class=\"wp-block-button__link has-text-align-center wp-element-button\" href=\"https:\/\/pizzeriatokina.fr\/index.php\/2024\/06\/20\/crocs-paninis-et-burgers\/\">voir le menu<\/a><\/div>\n<\/div><\/div>\n\n\n\n<div class=\"wp-block-group\"><div class=\"wp-block-group__inner-container is-layout-flow wp-block-group-is-layout-flow\">\n<figure class=\"wp-block-image alignfull size-full\"><img loading=\"lazy\" decoding=\"async\" width=\"1200\" height=\"1200\" src=\"http:\/\/pizzeriatokina.fr\/wp-content\/uploads\/2024\/06\/Gateau.jpg\" alt=\"\" class=\"wp-image-59\" srcset=\"https:\/\/pizzeriatokina.fr\/wp-content\/uploads\/2024\/06\/Gateau.jpg 1200w, https:\/\/pizzeriatokina.fr\/wp-content\/uploads\/2024\/06\/Gateau-300x300.jpg 300w, https:\/\/pizzeriatokina.fr\/wp-content\/uploads\/2024\/06\/Gateau-1024x1024.jpg 1024w, https:\/\/pizzeriatokina.fr\/wp-content\/uploads\/2024\/06\/Gateau-150x150.jpg 150w, https:\/\/pizzeriatokina.fr\/wp-content\/uploads\/2024\/06\/Gateau-768x768.jpg 768w\" sizes=\"auto, (max-width: 1200px) 100vw, 1200px\" \/><\/figure>\n\n\n\n<h3 class=\"wp-block-heading has-text-align-left\">Desserts et boissons<\/h3>\n\n\n\n<div class=\"wp-block-button is-style-outline is-style-outline--4\"><a class=\"wp-block-button__link wp-element-button\" href=\"https:\/\/pizzeriatokina.fr\/index.php\/2024\/06\/20\/sucres-et-boissons\/\">voir le menu<\/a><\/div>\n<\/div><\/div>\n<\/div>\n<\/div>\n\n\n\n<div class=\"wp-block-buttons alignwide is-content-justification-center is-layout-flex wp-container-core-buttons-is-layout-16018d1d wp-block-buttons-is-layout-flex\">\n<div class=\"wp-block-button\"><a class=\"wp-block-button__link wp-element-button\" href=\"https:\/\/pizzeriatokina.fr\/index.php\/contact\/\">commander<\/a><\/div>\n<\/div>\n\n\n\n<figure class=\"wp-block-image alignfull size-full\"><img loading=\"lazy\" decoding=\"async\" width=\"1080\" height=\"638\" src=\"https:\/\/pizzeriatokina.fr\/wp-content\/uploads\/2024\/06\/Screenshot_20230727_100536_com.google.android.apps_.photos_edit_491256495238581.jpg\" alt=\"\" class=\"wp-image-36\" srcset=\"https:\/\/pizzeriatokina.fr\/wp-content\/uploads\/2024\/06\/Screenshot_20230727_100536_com.google.android.apps_.photos_edit_491256495238581.jpg 1080w, https:\/\/pizzeriatokina.fr\/wp-content\/uploads\/2024\/06\/Screenshot_20230727_100536_com.google.android.apps_.photos_edit_491256495238581-300x177.jpg 300w, https:\/\/pizzeriatokina.fr\/wp-content\/uploads\/2024\/06\/Screenshot_20230727_100536_com.google.android.apps_.photos_edit_491256495238581-1024x605.jpg 1024w, https:\/\/pizzeriatokina.fr\/wp-content\/uploads\/2024\/06\/Screenshot_20230727_100536_com.google.android.apps_.photos_edit_491256495238581-768x454.jpg 768w\" sizes=\"auto, (max-width: 1080px) 100vw, 1080px\" \/><\/figure>\n\n\n\n<div class=\"wp-block-group alignwide\"><div class=\"wp-block-group__inner-container is-layout-flow wp-block-group-is-layout-flow\">\n<h2 class=\"wp-block-heading has-text-align-center has-accent-color has-text-color\">Les nouveaut\u00e9s !<br>Des menus \u00e0 bas prix pour les grands et les petits!<br>La possibilit\u00e9 de se restaurer sur place.<\/h2>\n\n\n\n<p class=\"has-text-align-center\">Attention le nombre de places est limit\u00e9 \u00e0 8 en p\u00e9riode froide!<\/p>\n<\/div><\/div>\n\n\n\n<p class=\"has-drop-cap\">Paiement en esp\u00e8ces, carte bancaire, ch\u00e8que ou carte Tickets Resto. La maison ne fait pas cr\u00e9dit.<\/p>\n\n\n\n<hr class=\"wp-block-separator has-alpha-channel-opacity\"\/>\n\n\n\n<p class=\"has-drop-cap\"><strong>Carte de fid\u00e9lit\u00e9 \u00e0 la demande :<br><\/strong>Un tampon par tranche de 14\u20ac.<br>10 tampons = 1 bon pour 1 produit n&rsquo;exc\u00e9dant pas 14\u20ac. Le bon sera utilisable sous 30 jours et valable sur votre prochaine commande d&rsquo;une valeur sup\u00e9rieure ou \u00e9gale au montant indiqu\u00e9.<br>Les bons ne sont pas cumulables sur une m\u00eame commande.<br>Cartes dat\u00e9es valables un an.<\/p>\n\n\n\n<p class=\"has-drop-cap\">Bon app\u00e9tit !<\/p>\n\n\n\n<div class=\"wp-block-buttons alignwide is-content-justification-center is-layout-flex wp-container-core-buttons-is-layout-16018d1d wp-block-buttons-is-layout-flex\">\n<div class=\"wp-block-button\"><a class=\"wp-block-button__link wp-element-button\" href=\"https:\/\/pizzeriatokina.fr\/index.php\/contact\/\">COMMANDER<\/a><\/div>\n<\/div>\n\n\n\n<figure class=\"wp-block-image size-large\"><img loading=\"lazy\" decoding=\"async\" width=\"724\" height=\"1024\" src=\"http:\/\/pizzeriatokina.fr\/wp-content\/uploads\/2024\/06\/Pizzas-et-calzones-Tokina-724x1024.png\" alt=\"\" class=\"wp-image-66\" srcset=\"https:\/\/pizzeriatokina.fr\/wp-content\/uploads\/2024\/06\/Pizzas-et-calzones-Tokina-724x1024.png 724w, https:\/\/pizzeriatokina.fr\/wp-content\/uploads\/2024\/06\/Pizzas-et-calzones-Tokina-212x300.png 212w, https:\/\/pizzeriatokina.fr\/wp-content\/uploads\/2024\/06\/Pizzas-et-calzones-Tokina-768x1086.png 768w, https:\/\/pizzeriatokina.fr\/wp-content\/uploads\/2024\/06\/Pizzas-et-calzones-Tokina-1086x1536.png 1086w, https:\/\/pizzeriatokina.fr\/wp-content\/uploads\/2024\/06\/Pizzas-et-calzones-Tokina-1200x1697.png 1200w, https:\/\/pizzeriatokina.fr\/wp-content\/uploads\/2024\/06\/Pizzas-et-calzones-Tokina.png 1414w\" sizes=\"auto, (max-width: 724px) 100vw, 724px\" \/><\/figure>\n\n\n\n<p class=\"has-drop-cap\"><strong>Les plaques pizzas (commande 48h \u00e0 l&rsquo;avance)<br><\/strong><br><br>24 portions \u00ab\u00a0entr\u00e9e\u00a0\u00bb ou 48 portions \u00ab\u00a0ap\u00e9ritifs\u00a0\u00bb.<br>\u00c0 partir de 30\u20ac selon la composition.<\/p>\n\n\n\n<figure class=\"wp-block-image size-large\"><img loading=\"lazy\" decoding=\"async\" width=\"724\" height=\"1024\" src=\"http:\/\/pizzeriatokina.fr\/wp-content\/uploads\/2024\/06\/Crocs-paninis-et-burgers-724x1024.png\" alt=\"\" class=\"wp-image-86\" srcset=\"https:\/\/pizzeriatokina.fr\/wp-content\/uploads\/2024\/06\/Crocs-paninis-et-burgers-724x1024.png 724w, https:\/\/pizzeriatokina.fr\/wp-content\/uploads\/2024\/06\/Crocs-paninis-et-burgers-212x300.png 212w, https:\/\/pizzeriatokina.fr\/wp-content\/uploads\/2024\/06\/Crocs-paninis-et-burgers-768x1086.png 768w, https:\/\/pizzeriatokina.fr\/wp-content\/uploads\/2024\/06\/Crocs-paninis-et-burgers-1086x1536.png 1086w, https:\/\/pizzeriatokina.fr\/wp-content\/uploads\/2024\/06\/Crocs-paninis-et-burgers-1200x1697.png 1200w, https:\/\/pizzeriatokina.fr\/wp-content\/uploads\/2024\/06\/Crocs-paninis-et-burgers.png 1414w\" sizes=\"auto, (max-width: 724px) 100vw, 724px\" \/><\/figure>\n\n\n\n<figure class=\"wp-block-image size-large\"><img loading=\"lazy\" decoding=\"async\" width=\"724\" height=\"1024\" src=\"http:\/\/pizzeriatokina.fr\/wp-content\/uploads\/2024\/06\/Specialites-724x1024.png\" alt=\"\" class=\"wp-image-96\" srcset=\"https:\/\/pizzeriatokina.fr\/wp-content\/uploads\/2024\/06\/Specialites-724x1024.png 724w, https:\/\/pizzeriatokina.fr\/wp-content\/uploads\/2024\/06\/Specialites-212x300.png 212w, https:\/\/pizzeriatokina.fr\/wp-content\/uploads\/2024\/06\/Specialites-768x1086.png 768w, https:\/\/pizzeriatokina.fr\/wp-content\/uploads\/2024\/06\/Specialites-1086x1536.png 1086w, https:\/\/pizzeriatokina.fr\/wp-content\/uploads\/2024\/06\/Specialites-1200x1697.png 1200w, https:\/\/pizzeriatokina.fr\/wp-content\/uploads\/2024\/06\/Specialites.png 1414w\" sizes=\"auto, (max-width: 724px) 100vw, 724px\" \/><\/figure>\n\n\n\n<figure class=\"wp-block-image size-large\"><img loading=\"lazy\" decoding=\"async\" width=\"724\" height=\"1024\" src=\"http:\/\/pizzeriatokina.fr\/wp-content\/uploads\/2024\/06\/Sucres-et-boissons-724x1024.png\" alt=\"\" class=\"wp-image-101\" srcset=\"https:\/\/pizzeriatokina.fr\/wp-content\/uploads\/2024\/06\/Sucres-et-boissons-724x1024.png 724w, https:\/\/pizzeriatokina.fr\/wp-content\/uploads\/2024\/06\/Sucres-et-boissons-212x300.png 212w, https:\/\/pizzeriatokina.fr\/wp-content\/uploads\/2024\/06\/Sucres-et-boissons-768x1086.png 768w, https:\/\/pizzeriatokina.fr\/wp-content\/uploads\/2024\/06\/Sucres-et-boissons-1086x1536.png 1086w, https:\/\/pizzeriatokina.fr\/wp-content\/uploads\/2024\/06\/Sucres-et-boissons-1200x1697.png 1200w, https:\/\/pizzeriatokina.fr\/wp-content\/uploads\/2024\/06\/Sucres-et-boissons.png 1414w\" sizes=\"auto, (max-width: 724px) 100vw, 724px\" \/><\/figure>\n\n\n\n<div class=\"wp-block-buttons alignwide is-content-justification-center is-layout-flex wp-container-core-buttons-is-layout-16018d1d wp-block-buttons-is-layout-flex\">\n<div class=\"wp-block-button\"><a class=\"wp-block-button__link wp-element-button\" href=\"https:\/\/pizzeriatokina.fr\/index.php\/contact\/\">COMMANDER<\/a><\/div>\n<\/div>\n","protected":false},"excerpt":{"rendered":"<p>Grands choix de plats confectionn\u00e9s avec go\u00fbt, pour le plaisir de tous ! Pizzas, crocs grill\u00e9s fa\u00e7on \u00ab\u00a0Mac&rsquo;tok\u00a0\u00bb, paninis sal\u00e9s, burgers, sp\u00e9cialit\u00e9s, portions, desserts et boissons fra\u00eeches. Pizzas et calzones Sp\u00e9cialit\u00e9s et portions Crocs grill\u00e9s, paninis et burgers Desserts et boissons Les nouveaut\u00e9s !Des menus \u00e0 bas prix pour les grands et les petits!La possibilit\u00e9 [&hellip;]<\/p>\n","protected":false},"author":1,"featured_media":35,"parent":0,"menu_order":0,"comment_status":"closed","ping_status":"closed","template":"","meta":{"footnotes":""},"class_list":["post-6","page","type-page","status-publish","has-post-thumbnail","hentry"],"_links":{"self":[{"href":"https:\/\/pizzeriatokina.fr\/index.php\/wp-json\/wp\/v2\/pages\/6","targetHints":{"allow":["GET"]}}],"collection":[{"href":"https:\/\/pizzeriatokina.fr\/index.php\/wp-json\/wp\/v2\/pages"}],"about":[{"href":"https:\/\/pizzeriatokina.fr\/index.php\/wp-json\/wp\/v2\/types\/page"}],"author":[{"embeddable":true,"href":"https:\/\/pizzeriatokina.fr\/index.php\/wp-json\/wp\/v2\/users\/1"}],"replies":[{"embeddable":true,"href":"https:\/\/pizzeriatokina.fr\/index.php\/wp-json\/wp\/v2\/comments?post=6"}],"version-history":[{"count":42,"href":"https:\/\/pizzeriatokina.fr\/index.php\/wp-json\/wp\/v2\/pages\/6\/revisions"}],"predecessor-version":[{"id":119,"href":"https:\/\/pizzeriatokina.fr\/index.php\/wp-json\/wp\/v2\/pages\/6\/revisions\/119"}],"wp:featuredmedia":[{"embeddable":true,"href":"https:\/\/pizzeriatokina.fr\/index.php\/wp-json\/wp\/v2\/media\/35"}],"wp:attachment":[{"href":"https:\/\/pizzeriatokina.fr\/index.php\/wp-json\/wp\/v2\/media?parent=6"}],"curies":[{"name":"wp","href":"https:\/\/api.w.org\/{rel}","templated":true}]}}